{"id":2482,"date":"2015-06-11T15:24:41","date_gmt":"2015-06-11T13:24:41","guid":{"rendered":"https:\/\/www.covertec.eu\/la-empresa\/"},"modified":"2021-07-06T11:57:47","modified_gmt":"2021-07-06T09:57:47","slug":"la-empresa","status":"publish","type":"page","link":"https:\/\/www.covertec.eu\/es\/la-empresa\/","title":{"rendered":"La Empresa"},"content":{"rendered":"<h1>La Empresa<\/h1>\n<h3>Covertec surge de la experiencia t\u00e9cnica consolidada de profesionales de las m\u00e1s importantes multinacionales en el sector de adhesivos y peliculas protectora.<\/h3>\n<p>La empresa est\u00e1 ubicada en la zona industrial de Sessa\u00a0Aurunca (Caserta), y cubre un \u00e1rea de 40.000 metros\u00a0cuadrados, de los cuales 1.000 metros cuadrados de\u00a0espacio de oficinas y laboratorio, 6.000 metros cuadrados\u00a0de almacenes, departamento de producci\u00f3n y corte, y el\u00a0resto del \u00e1rea es destinado para el manejo de materiales y\u00a0zonas verde para el respeto del medio ambiente.<\/p>\n","protected":false},"excerpt":{"rendered":"<p class=\"excerpt\">La Empresa Covertec surge de la experiencia t\u00e9cnica consolidada de profesionales de las m\u00e1s importantes multinacionales en el sector de adhesivos y peliculas protectora. La empresa est\u00e1 ubicada en la zona industrial de Sessa\u00a0Aurunca (Caserta), y cubre un \u00e1rea de 40.000 metros\u00a0cuadrados, de los cuales 1.000 metros cuadrados de\u00a0espacio de oficinas y laboratorio, 6.000 metros &hellip; <a href=\"https:\/\/www.covertec.eu\/es\/la-empresa\/\" class=\"more-link\">Continue reading <span class=\"screen-reader-text\">La Empresa<\/span><\/a><\/p>\n","protected":false},"author":1,"featured_media":0,"parent":0,"menu_order":0,"comment_status":"closed","ping_status":"closed","template":"page-chisiamo.php","meta":[],"acf":[],"yoast_head":"<!-- This site is optimized with the Yoast SEO plugin v19.13 - https:\/\/yoast.com\/wordpress\/plugins\/seo\/ -->\n<title>La Empresa - Pellicole Protettive COVERTEC<\/title>\n<meta name=\"robots\" content=\"index, follow, max-snippet:-1, max-image-preview:large, max-video-preview:-1\" \/>\n<link rel=\"canonical\" href=\"https:\/\/www.covertec.eu\/es\/la-empresa\/\" \/>\n<meta property=\"og:locale\" content=\"es_ES\" \/>\n<meta property=\"og:type\" content=\"article\" \/>\n<meta property=\"og:title\" content=\"La Empresa - Pellicole Protettive COVERTEC\" \/>\n<meta property=\"og:description\" content=\"La Empresa Covertec surge de la experiencia t\u00e9cnica consolidada de profesionales de las m\u00e1s importantes multinacionales en el sector de adhesivos y peliculas protectora. La empresa est\u00e1 ubicada en la zona industrial de Sessa\u00a0Aurunca (Caserta), y cubre un \u00e1rea de 40.000 metros\u00a0cuadrados, de los cuales 1.000 metros cuadrados de\u00a0espacio de oficinas y laboratorio, 6.000 metros &hellip; Continue reading La Empresa\" \/>\n<meta property=\"og:url\" content=\"https:\/\/www.covertec.eu\/es\/la-empresa\/\" \/>\n<meta property=\"og:site_name\" content=\"Pellicole Protettive COVERTEC\" \/>\n<meta property=\"article:modified_time\" content=\"2021-07-06T09:57:47+00:00\" \/>\n<meta name=\"twitter:card\" content=\"summary_large_image\" \/>\n<script type=\"application\/ld+json\" class=\"yoast-schema-graph\">{\"@context\":\"https:\/\/schema.org\",\"@graph\":[{\"@type\":\"WebPage\",\"@id\":\"https:\/\/www.covertec.eu\/es\/la-empresa\/\",\"url\":\"https:\/\/www.covertec.eu\/es\/la-empresa\/\",\"name\":\"La Empresa - Pellicole Protettive COVERTEC\",\"isPartOf\":{\"@id\":\"https:\/\/www.covertec.eu\/#website\"},\"datePublished\":\"2015-06-11T13:24:41+00:00\",\"dateModified\":\"2021-07-06T09:57:47+00:00\",\"breadcrumb\":{\"@id\":\"https:\/\/www.covertec.eu\/es\/la-empresa\/#breadcrumb\"},\"inLanguage\":\"es\",\"potentialAction\":[{\"@type\":\"ReadAction\",\"target\":[\"https:\/\/www.covertec.eu\/es\/la-empresa\/\"]}]},{\"@type\":\"BreadcrumbList\",\"@id\":\"https:\/\/www.covertec.eu\/es\/la-empresa\/#breadcrumb\",\"itemListElement\":[{\"@type\":\"ListItem\",\"position\":1,\"name\":\"Home\",\"item\":\"https:\/\/www.covertec.eu\/es\/home-page\/\"},{\"@type\":\"ListItem\",\"position\":2,\"name\":\"La Empresa\"}]},{\"@type\":\"WebSite\",\"@id\":\"https:\/\/www.covertec.eu\/#website\",\"url\":\"https:\/\/www.covertec.eu\/\",\"name\":\"Pellicole Protettive COVERTEC\",\"description\":\"\",\"potentialAction\":[{\"@type\":\"SearchAction\",\"target\":{\"@type\":\"EntryPoint\",\"urlTemplate\":\"https:\/\/www.covertec.eu\/?s={search_term_string}\"},\"query-input\":\"required name=search_term_string\"}],\"inLanguage\":\"es\"}]}<\/script>\n<!-- \/ Yoast SEO plugin. -->","yoast_head_json":{"title":"La Empresa - Pellicole Protettive COVERTEC","robots":{"index":"index","follow":"follow","max-snippet":"max-snippet:-1","max-image-preview":"max-image-preview:large","max-video-preview":"max-video-preview:-1"},"canonical":"https:\/\/www.covertec.eu\/es\/la-empresa\/","og_locale":"es_ES","og_type":"article","og_title":"La Empresa - Pellicole Protettive COVERTEC","og_description":"La Empresa Covertec surge de la experiencia t\u00e9cnica consolidada de profesionales de las m\u00e1s importantes multinacionales en el sector de adhesivos y peliculas protectora. La empresa est\u00e1 ubicada en la zona industrial de Sessa\u00a0Aurunca (Caserta), y cubre un \u00e1rea de 40.000 metros\u00a0cuadrados, de los cuales 1.000 metros cuadrados de\u00a0espacio de oficinas y laboratorio, 6.000 metros &hellip; Continue reading La Empresa","og_url":"https:\/\/www.covertec.eu\/es\/la-empresa\/","og_site_name":"Pellicole Protettive COVERTEC","article_modified_time":"2021-07-06T09:57:47+00:00","twitter_card":"summary_large_image","schema":{"@context":"https:\/\/schema.org","@graph":[{"@type":"WebPage","@id":"https:\/\/www.covertec.eu\/es\/la-empresa\/","url":"https:\/\/www.covertec.eu\/es\/la-empresa\/","name":"La Empresa - Pellicole Protettive COVERTEC","isPartOf":{"@id":"https:\/\/www.covertec.eu\/#website"},"datePublished":"2015-06-11T13:24:41+00:00","dateModified":"2021-07-06T09:57:47+00:00","breadcrumb":{"@id":"https:\/\/www.covertec.eu\/es\/la-empresa\/#breadcrumb"},"inLanguage":"es","potentialAction":[{"@type":"ReadAction","target":["https:\/\/www.covertec.eu\/es\/la-empresa\/"]}]},{"@type":"BreadcrumbList","@id":"https:\/\/www.covertec.eu\/es\/la-empresa\/#breadcrumb","itemListElement":[{"@type":"ListItem","position":1,"name":"Home","item":"https:\/\/www.covertec.eu\/es\/home-page\/"},{"@type":"ListItem","position":2,"name":"La Empresa"}]},{"@type":"WebSite","@id":"https:\/\/www.covertec.eu\/#website","url":"https:\/\/www.covertec.eu\/","name":"Pellicole Protettive COVERTEC","description":"","potentialAction":[{"@type":"SearchAction","target":{"@type":"EntryPoint","urlTemplate":"https:\/\/www.covertec.eu\/?s={search_term_string}"},"query-input":"required name=search_term_string"}],"inLanguage":"es"}]}},"_links":{"self":[{"href":"https:\/\/www.covertec.eu\/es\/wp-json\/wp\/v2\/pages\/2482"}],"collection":[{"href":"https:\/\/www.covertec.eu\/es\/wp-json\/wp\/v2\/pages"}],"about":[{"href":"https:\/\/www.covertec.eu\/es\/wp-json\/wp\/v2\/types\/page"}],"author":[{"embeddable":true,"href":"https:\/\/www.covertec.eu\/es\/wp-json\/wp\/v2\/users\/1"}],"replies":[{"embeddable":true,"href":"https:\/\/www.covertec.eu\/es\/wp-json\/wp\/v2\/comments?post=2482"}],"version-history":[{"count":3,"href":"https:\/\/www.covertec.eu\/es\/wp-json\/wp\/v2\/pages\/2482\/revisions"}],"predecessor-version":[{"id":2798,"href":"https:\/\/www.covertec.eu\/es\/wp-json\/wp\/v2\/pages\/2482\/revisions\/2798"}],"wp:attachment":[{"href":"https:\/\/www.covertec.eu\/es\/wp-json\/wp\/v2\/media?parent=2482"}],"curies":[{"name":"wp","href":"https:\/\/api.w.org\/{rel}","templated":true}]}}